{"id":366,"date":"2026-04-09T12:27:21","date_gmt":"2026-04-09T10:27:21","guid":{"rendered":"https:\/\/sgaconsultingit.fr\/?page_id=366"},"modified":"2026-04-13T21:34:55","modified_gmt":"2026-04-13T19:34:55","slug":"accueil","status":"publish","type":"page","link":"https:\/\/sgaconsultingit.fr\/","title":{"rendered":"Accueil"},"content":{"rendered":"\t\t<div data-elementor-type=\"wp-page\" data-elementor-id=\"366\" class=\"elementor elementor-366\">\n\t\t\t\t<div class=\"elementor-element elementor-element-79b8b24 e-con-full e-flex e-con e-parent\" data-id=\"79b8b24\" data-element_type=\"container\" data-e-type=\"container\" data-settings=\"{&quot;background_background&quot;:&quot;classic&quot;}\">\n\t\t\t\t\t\t\t\t<p class=\"e-6b542f5-d6d185e e-paragraph-base\" data-interaction-id=\"6b542f5\"  >\n\t\t\t\t\t\t\t\t<br>\u00ab Les DSI et DG de PME\/ETI sont entour\u00e9s de prestataires, mais manquent souvent d'une vision d'ensemble. \u00bb\n\t\t\t\t\t<\/p>\n\t\t\t\t\t\t\t\t<p class=\"e-4ab2103-6ee06da e-paragraph-base\" data-interaction-id=\"4ab2103\"  >\n\t\t\t\t\t\t\t\tC'est pr\u00e9cis\u00e9ment ce que j'apporte.&nbsp;<br>\n\t\t\t\t\t<\/p>\n\t\t\t\t\t\t\t<h2 \n\t\tdata-interaction-id=\"60dce70\" \n\t\tclass=\"e-60dce70-45156ad e-heading-base\" \n\t\t \n\t\t\n\t>\n\t\n\t\t\tUn Interlocuteur.\n\t\t<\/h2>\n\t\t\t\t\t\t\t<h2 \n\t\tdata-interaction-id=\"641d3fa\" \n\t\tclass=\"e-641d3fa-e84929b e-heading-base\" \n\t\t \n\t\t\n\t>\n\t\n\t\t\tNeutre. Expert.\n\t\t<\/h2>\n\t\t\t\t\t\t\t<h2 \n\t\tdata-interaction-id=\"17e8d52\" \n\t\tclass=\"e-17e8d52-9f4e894 e-heading-base\" \n\t\t \n\t\t\n\t>\n\t\n\t\t\tEngag\u00e9 sur la dur\u00e9e.\n\t\t<\/h2>\n\t\t\t\t\t\t\t\t<p class=\"e-f609afc-03fca76 e-paragraph-base\" data-interaction-id=\"f609afc\"  >\n\t\t\t\t\t\t\t\tConsultant IT Ind\u00e9pendant. Sans Conflit d'Int\u00e9r\u00eat Constructeur.<br><br>\n\t\t\t\t\t<\/p>\n\t\t\t\t<\/div>\n\t\t<div class=\"elementor-element elementor-element-6d61491 e-flex e-con-boxed e-con e-parent\" data-id=\"6d61491\" data-element_type=\"container\" data-e-type=\"container\">\n\t\t\t\t\t<div class=\"e-con-inner\">\n\t\t<div class=\"elementor-element elementor-element-95bb8c9 e-con-full e-flex e-con e-child\" data-id=\"95bb8c9\" data-element_type=\"container\" data-e-type=\"container\">\n\t\t\t\t<div class=\"elementor-element elementor-element-7e6bd0f elementor-widget-mobile__width-inherit elementor-widget elementor-widget-counter\" data-id=\"7e6bd0f\" data-element_type=\"widget\" data-e-type=\"widget\" data-widget_type=\"counter.default\">\n\t\t\t\t\t\t\t<div class=\"elementor-counter\">\n\t\t\t<div class=\"elementor-counter-title\">Ann\u00e9es dans l'IT<\/div>\t\t\t<div class=\"elementor-counter-number-wrapper\">\n\t\t\t\t<span class=\"elementor-counter-number-prefix\"><\/span>\n\t\t\t\t<span class=\"elementor-counter-number\" data-duration=\"5100\" data-to-value=\"25\" data-from-value=\"25\" data-delimiter=\",\">25<\/span>\n\t\t\t\t<span class=\"elementor-counter-number-suffix\">+<\/span>\n\t\t\t<\/div>\n\t\t<\/div>\n\t\t\t\t\t\t<\/div>\n\t\t\t\t<\/div>\n\t\t<div class=\"elementor-element elementor-element-dece132 e-con-full e-flex e-con e-child\" data-id=\"dece132\" data-element_type=\"container\" data-e-type=\"container\">\n\t\t\t\t<div class=\"elementor-element elementor-element-ea9ebad elementor-widget elementor-widget-counter\" data-id=\"ea9ebad\" data-element_type=\"widget\" data-e-type=\"widget\" data-widget_type=\"counter.default\">\n\t\t\t\t\t\t\t<div class=\"elementor-counter\">\n\t\t\t<div class=\"elementor-counter-title\">Users Cibles<\/div>\t\t\t<div class=\"elementor-counter-number-wrapper\">\n\t\t\t\t<span class=\"elementor-counter-number-prefix\"><\/span>\n\t\t\t\t<span class=\"elementor-counter-number\" data-duration=\"5000\" data-to-value=\"1000\" data-from-value=\"1000\" data-delimiter=\",\">1000<\/span>\n\t\t\t\t<span class=\"elementor-counter-number-suffix\">+<\/span>\n\t\t\t<\/div>\n\t\t<\/div>\n\t\t\t\t\t\t<\/div>\n\t\t\t\t<\/div>\n\t\t<div class=\"elementor-element elementor-element-45ca09f e-con-full e-flex e-con e-child\" data-id=\"45ca09f\" data-element_type=\"container\" data-e-type=\"container\">\n\t\t\t\t<div class=\"elementor-element elementor-element-08b9b6c elementor-widget elementor-widget-counter\" data-id=\"08b9b6c\" data-element_type=\"widget\" data-e-type=\"widget\" data-widget_type=\"counter.default\">\n\t\t\t\t\t\t\t<div class=\"elementor-counter\">\n\t\t\t<div class=\"elementor-counter-title\">Certifications<\/div>\t\t\t<div class=\"elementor-counter-number-wrapper\">\n\t\t\t\t<span class=\"elementor-counter-number-prefix\"><\/span>\n\t\t\t\t<span class=\"elementor-counter-number\" data-duration=\"5000\" data-to-value=\"15\" data-from-value=\"15\" data-delimiter=\",\">15<\/span>\n\t\t\t\t<span class=\"elementor-counter-number-suffix\">+<\/span>\n\t\t\t<\/div>\n\t\t<\/div>\n\t\t\t\t\t\t<\/div>\n\t\t\t\t<\/div>\n\t\t<div class=\"elementor-element elementor-element-91019a8 e-con-full e-flex e-con e-child\" data-id=\"91019a8\" data-element_type=\"container\" data-e-type=\"container\">\n\t\t\t\t<div class=\"elementor-element elementor-element-d125cda elementor-widget elementor-widget-counter\" data-id=\"d125cda\" data-element_type=\"widget\" data-e-type=\"widget\" data-widget_type=\"counter.default\">\n\t\t\t\t\t\t\t<div class=\"elementor-counter\">\n\t\t\t<div class=\"elementor-counter-title\">Partenaires Certifi\u00e9s<\/div>\t\t\t<div class=\"elementor-counter-number-wrapper\">\n\t\t\t\t<span class=\"elementor-counter-number-prefix\"><\/span>\n\t\t\t\t<span class=\"elementor-counter-number\" data-duration=\"5000\" data-to-value=\"5\" data-from-value=\"5\" data-delimiter=\",\">5<\/span>\n\t\t\t\t<span class=\"elementor-counter-number-suffix\">+<\/span>\n\t\t\t<\/div>\n\t\t<\/div>\n\t\t\t\t\t\t<\/div>\n\t\t\t\t<\/div>\n\t\t\t\t\t<\/div>\n\t\t\t\t<\/div>\n\t\t\t\t<\/div>\n\t\t","protected":false},"excerpt":{"rendered":"<p>\u00ab Les DSI et DG de PME\/ETI sont entour\u00e9s de prestataires, mais manquent souvent d&rsquo;une vision d&rsquo;ensemble. \u00bb C&rsquo;est pr\u00e9cis\u00e9ment [&hellip;]<\/p>\n","protected":false},"author":1,"featured_media":0,"parent":0,"menu_order":0,"comment_status":"closed","ping_status":"closed","template":"elementor_header_footer","meta":{"site-sidebar-layout":"no-sidebar","site-content-layout":"plain-container","ast-site-content-layout":"default","site-content-style":"default","site-sidebar-style":"default","ast-global-header-display":"","ast-banner-title-visibility":"","ast-main-header-display":"","ast-hfb-above-header-display":"","ast-hfb-below-header-display":"","ast-hfb-mobile-header-display":"","site-post-title":"","ast-breadcrumbs-content":"","ast-featured-img":"","footer-sml-layout":"","ast-disable-related-posts":"","theme-transparent-header-meta":"enabled","adv-header-id-meta":"","stick-header-meta":"","header-above-stick-meta":"","header-main-stick-meta":"","header-below-stick-meta":"","astra-migrate-meta-layouts":"default","ast-page-background-enabled":"default","ast-page-background-meta":{"desktop":{"background-color":"var(--ast-global-color-5)","background-image":"","background-repeat":"repeat","background-position":"center center","background-size":"auto","background-attachment":"scroll","background-type":"","background-media":"","overlay-type":"","overlay-color":"","overlay-opacity":"","overlay-gradient":""},"tablet":{"background-color":"","background-image":"","background-repeat":"repeat","background-position":"center center","background-size":"auto","background-attachment":"scroll","background-type":"","background-media":"","overlay-type":"","overlay-color":"","overlay-opacity":"","overlay-gradient":""},"mobile":{"background-color":"","background-image":"","background-repeat":"repeat","background-position":"center center","background-size":"auto","background-attachment":"scroll","background-type":"","background-media":"","overlay-type":"","overlay-color":"","overlay-opacity":"","overlay-gradient":""}},"ast-content-background-meta":{"desktop":{"background-color":"var(--ast-global-color-4)","background-image":"","background-repeat":"repeat","background-position":"center center","background-size":"auto","background-attachment":"scroll","background-type":"","background-media":"","overlay-type":"","overlay-color":"","overlay-opacity":"","overlay-gradient":""},"tablet":{"background-color":"var(--ast-global-color-4)","background-image":"","background-repeat":"repeat","background-position":"center center","background-size":"auto","background-attachment":"scroll","background-type":"","background-media":"","overlay-type":"","overlay-color":"","overlay-opacity":"","overlay-gradient":""},"mobile":{"background-color":"var(--ast-global-color-4)","background-image":"","background-repeat":"repeat","background-position":"center center","background-size":"auto","background-attachment":"scroll","background-type":"","background-media":"","overlay-type":"","overlay-color":"","overlay-opacity":"","overlay-gradient":""}},"footnotes":""},"class_list":["post-366","page","type-page","status-publish","hentry"],"_links":{"self":[{"href":"https:\/\/sgaconsultingit.fr\/wp-json\/wp\/v2\/pages\/366","targetHints":{"allow":["GET"]}}],"collection":[{"href":"https:\/\/sgaconsultingit.fr\/wp-json\/wp\/v2\/pages"}],"about":[{"href":"https:\/\/sgaconsultingit.fr\/wp-json\/wp\/v2\/types\/page"}],"author":[{"embeddable":true,"href":"https:\/\/sgaconsultingit.fr\/wp-json\/wp\/v2\/users\/1"}],"replies":[{"embeddable":true,"href":"https:\/\/sgaconsultingit.fr\/wp-json\/wp\/v2\/comments?post=366"}],"version-history":[{"count":76,"href":"https:\/\/sgaconsultingit.fr\/wp-json\/wp\/v2\/pages\/366\/revisions"}],"predecessor-version":[{"id":1969,"href":"https:\/\/sgaconsultingit.fr\/wp-json\/wp\/v2\/pages\/366\/revisions\/1969"}],"wp:attachment":[{"href":"https:\/\/sgaconsultingit.fr\/wp-json\/wp\/v2\/media?parent=366"}],"curies":[{"name":"wp","href":"https:\/\/api.w.org\/{rel}","templated":true}]}}